{"id":709,"date":"2020-09-07T18:39:44","date_gmt":"2020-09-07T16:39:44","guid":{"rendered":"http:\/\/florence-grivot.com\/?page_id=709"},"modified":"2020-11-23T15:45:12","modified_gmt":"2020-11-23T14:45:12","slug":"dynamo","status":"publish","type":"page","link":"https:\/\/florence-grivot.com\/index.php\/dynamo\/","title":{"rendered":"Coque et dynamo"},"content":{"rendered":"<p>[et_pb_section fb_built=\u00a0\u00bb1&Prime; _builder_version=\u00a0\u00bb4.3.1&Prime;][et_pb_row column_structure=\u00a0\u00bb1_3,2_3&Prime; _builder_version=\u00a0\u00bb4.3.1&Prime;][et_pb_column type=\u00a0\u00bb1_3&Prime; _builder_version=\u00a0\u00bb4.3.1&Prime;][et_pb_text _builder_version=\u00a0\u00bb4.3.1&Prime; custom_margin=\u00a0\u00bb||10px|||\u00a0\u00bb hover_enabled=\u00a0\u00bb0&Prime;]<\/p>\n<h3>Dynamos &#8211; 2010<\/h3>\n<p>[\/et_pb_text][et_pb_divider color=\u00a0\u00bb#b55944&Prime; divider_weight=\u00a0\u00bb3px\u00a0\u00bb _builder_version=\u00a0\u00bb4.3.1&Prime; background_enable_color=\u00a0\u00bboff\u00a0\u00bb width=\u00a0\u00bb12%\u00a0\u00bb border_color_all=\u00a0\u00bbrgba(0,0,0,0)\u00a0\u00bb][\/et_pb_divider][et_pb_text _builder_version=\u00a0\u00bb4.3.1&Prime; hover_enabled=\u00a0\u00bb0&Prime;]<\/p>\n<p><span style=\"text-decoration: underline;\">Installation :<\/span><\/p>\n<p>Un moulage en pl\u00e2tre de mon corps en entier suspendu par un fil.<br \/> Une bicyclette \u00e9quip\u00e9e de dynamos et multiples phares.<\/p>\n<p><span style=\"text-decoration: underline;\">Performance :\u00a0<\/span><br \/>La conversion de l\u2019\u00e9nergie m\u00e9canique en \u00e9nergie \u00e9lectrique est au coeur du sujet. Le choix du v\u00e9lo fait r\u00e9f\u00e9rence \u00e0 mon go\u00fbt pour ce mode d\u00e9placement. La mise en lumi\u00e8re de la sculpture d\u00e9pend de la mise en mouvement des p\u00e9dales du v\u00e9lo. Je suis la cycliste et je n\u2019ai qu\u2019une id\u00e9e en t\u00eate\u00a0: \u00e9clairer mon double pour lui \u00e9viter la chute.<\/p>\n<p>[\/et_pb_text][\/et_pb_column][et_pb_column type=\u00a0\u00bb2_3&Prime; _builder_version=\u00a0\u00bb4.3.1&Prime;][et_pb_text _builder_version=\u00a0\u00bb4.3.1&Prime;]<\/p>\n<style id=\"bwg-style-0\">    #bwg_container1_0 #bwg_container2_0 .bwg-container-0.bwg-standard-thumbnails {      width: 904px;              justify-content: center;        margin:0 auto !important;              background-color: rgba(255, 255, 255, 0.00);            padding-left: 4px;      padding-top: 4px;      max-width: 100%;            }        #bwg_container1_0 #bwg_container2_0 .bwg-container-0.bwg-standard-thumbnails .bwg-item {    justify-content: flex-start;      max-width: 150px;          }    #bwg_container1_0 #bwg_container2_0 .bwg-container-0.bwg-standard-thumbnails .bwg-item a {       margin-right: 4px;       margin-bottom: 4px;    }    #bwg_container1_0 #bwg_container2_0 .bwg-container-0.bwg-standard-thumbnails .bwg-item0 {      padding: 0px;            background-color:rgba(0,0,0, 0.30);      border: 0px none #CCCCCC;      opacity: 1.00;      border-radius: 0;      box-shadow: ;    }    #bwg_container1_0 #bwg_container2_0 .bwg-container-0.bwg-standard-thumbnails .bwg-item1 img {      max-height: none;      max-width: none;      padding: 0 !important;    }         @media only screen and (min-width: 480px) {\t\t#bwg_container1_0 #bwg_container2_0 .bwg-container-0.bwg-standard-thumbnails .bwg-item1 img {\t\t\t-webkit-transition: all .3s; transition: all .3s;\t\t}\t\t#bwg_container1_0 #bwg_container2_0 .bwg-container-0.bwg-standard-thumbnails .bwg-item1 img:hover {\t\t\t-ms-transform: scale(1.08);\t\t\t-webkit-transform: scale(1.08);\t\t\ttransform: scale(1.08);\t\t}\t\t      }\t    #bwg_container1_0 #bwg_container2_0 .bwg-container-0.bwg-standard-thumbnails .bwg-item1 {      padding-top: 100%;    }        #bwg_container1_0 #bwg_container2_0 .bwg-container-0.bwg-standard-thumbnails .bwg-title2,    #bwg_container1_0 #bwg_container2_0 .bwg-container-0.bwg-standard-thumbnails .bwg-ecommerce2 {      color: #323A45;      font-family: Ubuntu;      font-size: 16px;      font-weight: bold;      padding: 2px;      text-shadow: ;      max-height: 100%;    }    #bwg_container1_0 #bwg_container2_0 .bwg-container-0.bwg-standard-thumbnails .bwg-thumb-description span {    color: #323A45;    font-family: Ubuntu;    font-size: 12px;    max-height: 100%;    word-wrap: break-word;    }    #bwg_container1_0 #bwg_container2_0 .bwg-container-0.bwg-standard-thumbnails .bwg-play-icon2 {      font-size: 32px;    }    #bwg_container1_0 #bwg_container2_0 .bwg-container-0.bwg-standard-thumbnails .bwg-ecommerce2 {      font-size: 19.2px;      color: #323A45;    }    <\/style>    <div id=\"bwg_container1_0\"         class=\"bwg_container bwg_thumbnail bwg_thumbnails \"         data-right-click-protection=\"1\"         data-bwg=\"0\"         data-scroll=\"0\"         data-gallery-type=\"thumbnails\"         data-gallery-view-type=\"thumbnails\"         data-current-url=\"\/index.php\/wp-json\/wp\/v2\/pages\/709\"         data-lightbox-url=\"https:\/\/florence-grivot.com\/wp-admin\/admin-ajax.php?action=GalleryBox&#038;current_view=0&#038;gallery_id=7&#038;tag=0&#038;theme_id=1&#038;shortcode_id=22&#038;sort_by=order&#038;order_by=asc&#038;current_url=%2Findex.php%2Fwp-json%2Fwp%2Fv2%2Fpages%2F709\"         data-gallery-id=\"7\"         data-popup-width=\"800\"         data-popup-height=\"500\"         data-is-album=\"gallery\"         data-buttons-position=\"bottom\">      <div id=\"bwg_container2_0\">             <div id=\"ajax_loading_0\" class=\"bwg_loading_div_1\">      <div class=\"bwg_loading_div_2\">        <div class=\"bwg_loading_div_3\">          <div id=\"loading_div_0\" class=\"bwg_spider_ajax_loading\">          <\/div>        <\/div>      <\/div>    <\/div>            <form id=\"gal_front_form_0\"              class=\"bwg-hidden\"              method=\"post\"              action=\"#\"              data-current=\"0\"              data-shortcode-id=\"22\"              data-gallery-type=\"thumbnails\"              data-gallery-id=\"7\"              data-tag=\"0\"              data-album-id=\"0\"              data-theme-id=\"1\"              data-ajax-url=\"https:\/\/florence-grivot.com\/wp-admin\/admin-ajax.php?action=bwg_frontend_data\">          <div id=\"bwg_container3_0\" class=\"bwg-background bwg-background-0\">                <div data-max-count=\"6\"         data-thumbnail-width=\"150\"         data-bwg=\"0\"         data-gallery-id=\"7\"         data-lightbox-url=\"https:\/\/florence-grivot.com\/wp-admin\/admin-ajax.php?action=GalleryBox&amp;current_view=0&amp;gallery_id=7&amp;tag=0&amp;theme_id=1&amp;shortcode_id=22&amp;sort_by=order&amp;order_by=asc&amp;current_url=%2Findex.php%2Fwp-json%2Fwp%2Fv2%2Fpages%2F709\"         id=\"bwg_thumbnails_0\"         class=\"bwg-container-0 bwg-thumbnails bwg-standard-thumbnails bwg-container bwg-border-box\">            <div class=\"bwg-item\">        <a class=\"bwg-a  bwg_lightbox\"  data-image-id=\"69\" href=\"https:\/\/florence-grivot.com\/wp-content\/uploads\/photo-gallery\/imported_from_media_libray\/DSC0224.jpg?bwg=1599496133\" data-elementor-open-lightbox=\"no\">                <div class=\"bwg-item0 \">          <div class=\"bwg-item1 \">            <div class=\"bwg-item2\">              <img decoding=\"async\" class=\"skip-lazy bwg_standart_thumb_img_0 \"                   data-id=\"69\"                   data-width=\"100\"                   data-height=\"150\"                   data-src=\"https:\/\/florence-grivot.com\/wp-content\/uploads\/photo-gallery\/imported_from_media_libray\/thumb\/DSC0224.jpg?bwg=1599496133\"                   src=\"https:\/\/florence-grivot.com\/wp-content\/uploads\/photo-gallery\/imported_from_media_libray\/thumb\/DSC0224.jpg?bwg=1599496133\"                   alt=\"_DSC0224\"                   title=\"_DSC0224\" \/>            <\/div>            <div class=\"\">                                                      <\/div>          <\/div>        <\/div>                        <\/a>        <div class=\"bwg-thumb-description bwg_thumb_description_0\"><span><\/span><\/div>      <\/div>            <div class=\"bwg-item\">        <a class=\"bwg-a  bwg_lightbox\"  data-image-id=\"68\" href=\"https:\/\/florence-grivot.com\/wp-content\/uploads\/photo-gallery\/imported_from_media_libray\/DSC0228.jpg?bwg=1599496133\" data-elementor-open-lightbox=\"no\">                <div class=\"bwg-item0 \">          <div class=\"bwg-item1 \">            <div class=\"bwg-item2\">              <img decoding=\"async\" class=\"skip-lazy bwg_standart_thumb_img_0 \"                   data-id=\"68\"                   data-width=\"150\"                   data-height=\"100\"                   data-src=\"https:\/\/florence-grivot.com\/wp-content\/uploads\/photo-gallery\/imported_from_media_libray\/thumb\/DSC0228.jpg?bwg=1599496133\"                   src=\"https:\/\/florence-grivot.com\/wp-content\/uploads\/photo-gallery\/imported_from_media_libray\/thumb\/DSC0228.jpg?bwg=1599496133\"                   alt=\"_DSC0228\"                   title=\"_DSC0228\" \/>            <\/div>            <div class=\"\">                                                      <\/div>          <\/div>        <\/div>                        <\/a>        <div class=\"bwg-thumb-description bwg_thumb_description_0\"><span><\/span><\/div>      <\/div>            <div class=\"bwg-item\">        <a class=\"bwg-a  bwg_lightbox\"  data-image-id=\"67\" href=\"https:\/\/florence-grivot.com\/wp-content\/uploads\/photo-gallery\/imported_from_media_libray\/DSC0230.jpg?bwg=1599496133\" data-elementor-open-lightbox=\"no\">                <div class=\"bwg-item0 \">          <div class=\"bwg-item1 \">            <div class=\"bwg-item2\">              <img decoding=\"async\" class=\"skip-lazy bwg_standart_thumb_img_0 \"                   data-id=\"67\"                   data-width=\"100\"                   data-height=\"150\"                   data-src=\"https:\/\/florence-grivot.com\/wp-content\/uploads\/photo-gallery\/imported_from_media_libray\/thumb\/DSC0230.jpg?bwg=1599496133\"                   src=\"https:\/\/florence-grivot.com\/wp-content\/uploads\/photo-gallery\/imported_from_media_libray\/thumb\/DSC0230.jpg?bwg=1599496133\"                   alt=\"_DSC0230\"                   title=\"_DSC0230\" \/>            <\/div>            <div class=\"\">                                                      <\/div>          <\/div>        <\/div>                        <\/a>        <div class=\"bwg-thumb-description bwg_thumb_description_0\"><span><\/span><\/div>      <\/div>            <div class=\"bwg-item\">        <a class=\"bwg-a  bwg_lightbox\"  data-image-id=\"66\" href=\"https:\/\/florence-grivot.com\/wp-content\/uploads\/photo-gallery\/imported_from_media_libray\/DSC0233.jpg?bwg=1599496133\" data-elementor-open-lightbox=\"no\">                <div class=\"bwg-item0 \">          <div class=\"bwg-item1 \">            <div class=\"bwg-item2\">              <img decoding=\"async\" class=\"skip-lazy bwg_standart_thumb_img_0 \"                   data-id=\"66\"                   data-width=\"150\"                   data-height=\"100\"                   data-src=\"https:\/\/florence-grivot.com\/wp-content\/uploads\/photo-gallery\/imported_from_media_libray\/thumb\/DSC0233.jpg?bwg=1599496133\"                   src=\"https:\/\/florence-grivot.com\/wp-content\/uploads\/photo-gallery\/imported_from_media_libray\/thumb\/DSC0233.jpg?bwg=1599496133\"                   alt=\"_DSC0233\"                   title=\"_DSC0233\" \/>            <\/div>            <div class=\"\">                                                      <\/div>          <\/div>        <\/div>                        <\/a>        <div class=\"bwg-thumb-description bwg_thumb_description_0\"><span><\/span><\/div>      <\/div>            <div class=\"bwg-item\">        <a class=\"bwg-a  bwg_lightbox\"  data-image-id=\"65\" href=\"https:\/\/florence-grivot.com\/wp-content\/uploads\/photo-gallery\/imported_from_media_libray\/DSC0234.jpg?bwg=1599496133\" data-elementor-open-lightbox=\"no\">                <div class=\"bwg-item0 \">          <div class=\"bwg-item1 \">            <div class=\"bwg-item2\">              <img decoding=\"async\" class=\"skip-lazy bwg_standart_thumb_img_0 \"                   data-id=\"65\"                   data-width=\"100\"                   data-height=\"150\"                   data-src=\"https:\/\/florence-grivot.com\/wp-content\/uploads\/photo-gallery\/imported_from_media_libray\/thumb\/DSC0234.jpg?bwg=1599496133\"                   src=\"https:\/\/florence-grivot.com\/wp-content\/uploads\/photo-gallery\/imported_from_media_libray\/thumb\/DSC0234.jpg?bwg=1599496133\"                   alt=\"_DSC0234\"                   title=\"_DSC0234\" \/>            <\/div>            <div class=\"\">                                                      <\/div>          <\/div>        <\/div>                        <\/a>        <div class=\"bwg-thumb-description bwg_thumb_description_0\"><span><\/span><\/div>      <\/div>            <div class=\"bwg-item\">        <a class=\"bwg-a  bwg_lightbox\"  data-image-id=\"64\" href=\"https:\/\/florence-grivot.com\/wp-content\/uploads\/photo-gallery\/imported_from_media_libray\/DSC0235.jpg?bwg=1599496133\" data-elementor-open-lightbox=\"no\">                <div class=\"bwg-item0 \">          <div class=\"bwg-item1 \">            <div class=\"bwg-item2\">              <img decoding=\"async\" class=\"skip-lazy bwg_standart_thumb_img_0 \"                   data-id=\"64\"                   data-width=\"100\"                   data-height=\"150\"                   data-src=\"https:\/\/florence-grivot.com\/wp-content\/uploads\/photo-gallery\/imported_from_media_libray\/thumb\/DSC0235.jpg?bwg=1599496133\"                   src=\"https:\/\/florence-grivot.com\/wp-content\/uploads\/photo-gallery\/imported_from_media_libray\/thumb\/DSC0235.jpg?bwg=1599496133\"                   alt=\"_DSC0235\"                   title=\"_DSC0235\" \/>            <\/div>            <div class=\"\">                                                      <\/div>          <\/div>        <\/div>                        <\/a>        <div class=\"bwg-thumb-description bwg_thumb_description_0\"><span><\/span><\/div>      <\/div>            <div class=\"bwg-item\">        <a class=\"bwg-a  bwg_lightbox\"  data-image-id=\"63\" href=\"https:\/\/florence-grivot.com\/wp-content\/uploads\/photo-gallery\/imported_from_media_libray\/dynamo-1.jpg?bwg=1599496133\" data-elementor-open-lightbox=\"no\">                <div class=\"bwg-item0 \">          <div class=\"bwg-item1 \">            <div class=\"bwg-item2\">              <img decoding=\"async\" class=\"skip-lazy bwg_standart_thumb_img_0 \"                   data-id=\"63\"                   data-width=\"150\"                   data-height=\"101\"                   data-src=\"https:\/\/florence-grivot.com\/wp-content\/uploads\/photo-gallery\/imported_from_media_libray\/thumb\/dynamo-1.jpg?bwg=1599496133\"                   src=\"https:\/\/florence-grivot.com\/wp-content\/uploads\/photo-gallery\/imported_from_media_libray\/thumb\/dynamo-1.jpg?bwg=1599496133\"                   alt=\"dynamo-1\"                   title=\"dynamo-1\" \/>            <\/div>            <div class=\"\">                                                      <\/div>          <\/div>        <\/div>                        <\/a>        <div class=\"bwg-thumb-description bwg_thumb_description_0\"><span><\/span><\/div>      <\/div>            <div class=\"bwg-item\">        <a class=\"bwg-a  bwg_lightbox\"  data-image-id=\"62\" href=\"https:\/\/florence-grivot.com\/wp-content\/uploads\/photo-gallery\/imported_from_media_libray\/dynamo-2.jpg?bwg=1599496133\" data-elementor-open-lightbox=\"no\">                <div class=\"bwg-item0 \">          <div class=\"bwg-item1 \">            <div class=\"bwg-item2\">              <img decoding=\"async\" class=\"skip-lazy bwg_standart_thumb_img_0 \"                   data-id=\"62\"                   data-width=\"100\"                   data-height=\"150\"                   data-src=\"https:\/\/florence-grivot.com\/wp-content\/uploads\/photo-gallery\/imported_from_media_libray\/thumb\/dynamo-2.jpg?bwg=1599496133\"                   src=\"https:\/\/florence-grivot.com\/wp-content\/uploads\/photo-gallery\/imported_from_media_libray\/thumb\/dynamo-2.jpg?bwg=1599496133\"                   alt=\"dynamo-2\"                   title=\"dynamo-2\" \/>            <\/div>            <div class=\"\">                                                      <\/div>          <\/div>        <\/div>                        <\/a>        <div class=\"bwg-thumb-description bwg_thumb_description_0\"><span><\/span><\/div>      <\/div>          <\/div>    <style>      \/*pagination styles*\/      #bwg_container1_0 #bwg_container2_0 .tablenav-pages_0 {\t\t\t\ttext-align: center;\t\t\t\tfont-size: 12px;\t\t\t\tfont-family: Ubuntu;\t\t\t\tfont-weight: bold;\t\t\t\tcolor: #666666;\t\t\t\tmargin: 6px 0 4px;\t\t\t\tdisplay: block;      }      @media only screen and (max-width : 320px) {      #bwg_container1_0 #bwg_container2_0 .displaying-num_0 {     \t display: none;      }      }      #bwg_container1_0 #bwg_container2_0 .displaying-num_0 {\t\t\t\tfont-size: 12px;\t\t\t\tfont-family: Ubuntu;\t\t\t\tfont-weight: bold;\t\t\t\tcolor: #666666;\t\t\t\tmargin-right: 10px;\t\t\t\tvertical-align: middle;      }      #bwg_container1_0 #bwg_container2_0 .paging-input_0 {\t\t\t\tfont-size: 12px;\t\t\t\tfont-family: Ubuntu;\t\t\t\tfont-weight: bold;\t\t\t\tcolor: #666666;\t\t\t\tvertical-align: middle;      }      #bwg_container1_0 #bwg_container2_0 .tablenav-pages_0 a.disabled,      #bwg_container1_0 #bwg_container2_0 .tablenav-pages_0 a.disabled:hover,      #bwg_container1_0 #bwg_container2_0 .tablenav-pages_0 a.disabled:focus,\t\t\t#bwg_container1_0 #bwg_container2_0 .tablenav-pages_0 input.bwg_current_page {\t\t\t\tcursor: default;\t\t\t\tcolor: rgba(102, 102, 102, 0.5);      }      #bwg_container1_0 #bwg_container2_0 .tablenav-pages_0 a,      #bwg_container1_0 #bwg_container2_0 .tablenav-pages_0 input.bwg_current_page {\t\t\t\tcursor: pointer;\t\t\t\ttext-align: center;\t\t\t\tfont-size: 12px;\t\t\t\tfont-family: Ubuntu;\t\t\t\tfont-weight: bold;\t\t\t\tcolor: #666666;\t\t\t\ttext-decoration: none;\t\t\t\tpadding: 3px 6px;\t\t\t\tmargin: 0;\t\t\t\tborder-radius: 0;\t\t\t\tborder-style: solid;\t\t\t\tborder-width: 1px;\t\t\t\tborder-color: #E3E3E3;\t\t\t\t\t\t\t\tbackground-color: rgba(255, 255, 255, 1.00);\t\t\t\tbox-shadow: 0;\t\t\t\ttransition: all 0.3s ease 0s;-webkit-transition: all 0.3s ease 0s;      }      <\/style>      <span class=\"bwg_nav_cont_0\">              <div class=\"tablenav-pages_0\">                  <\/div>                <input type=\"hidden\" id=\"page_number_0\" name=\"page_number_0\" value=\"1\" \/>      <script type=\"text\/javascript\">        if( jQuery('.bwg_nav_cont_0').length > 1 ) {          jQuery('.bwg_nav_cont_0').first().remove()        }        function spider_page_0(cur, x, y, load_more) {          if (typeof load_more == \"undefined\") {            var load_more = false;          }          if (jQuery(cur).hasClass('disabled')) {            return false;          }          var items_county_0 = 1;          switch (y) {            case 1:              if (x >= items_county_0) {                document.getElementById('page_number_0').value = items_county_0;              }              else {                document.getElementById('page_number_0').value = x + 1;              }              break;            case 2:              document.getElementById('page_number_0').value = items_county_0;              break;            case -1:              if (x == 1) {                document.getElementById('page_number_0').value = 1;              }              else {                document.getElementById('page_number_0').value = x - 1;              }              break;            case -2:              document.getElementById('page_number_0').value = 1;              break;\t\t\t\t\t\tcase 0:              document.getElementById('page_number_0').value = x;              break;            default:              document.getElementById('page_number_0').value = 1;          }          bwg_ajax('gal_front_form_0', '0', 'bwg_thumbnails_0', '0', '', 'gallery', 0, '', '', load_more, '', 1);        }                    jQuery('.first-page-0').on('click', function () {              spider_page_0(this, 1, -2, 'numeric');              return false;            });            jQuery('.prev-page-0').on('click', function () {              spider_page_0(this, 1, -1, 'numeric');              return false;            });            jQuery('.next-page-0').on('click', function () {              spider_page_0(this, 1, 1, 'numeric');              return false;            });            jQuery('.last-page-0').on('click', function () {              spider_page_0(this, 1, 2, 'numeric');              return false;            });        \t\t\t\t\/* Change page on input enter. *\/        function bwg_change_page_0( e, that ) {          if (  e.key == 'Enter' ) {            var to_page = parseInt(jQuery(that).val());            var pages_count = jQuery(that).parents(\".pagination-links\").data(\"pages-count\");            var current_url_param = jQuery(that).attr('data-url-info');            if (to_page > pages_count) {              to_page = 1;            }\t \t\t\t\t\t\t\t\t\t\t\t\tspider_page_0(this, to_page, 0, 'numeric');\t\t\t\t\t\t\treturn false;\t\t\t\t\t\t          }          return true;        }        jQuery('.bwg_load_btn_0').on('click', function () {            spider_page_0(this, 1, 1, true);            return false;        });      <\/script>      <\/span>                <\/div>        <\/form>        <style>          #bwg_container1_0 #bwg_container2_0 #spider_popup_overlay_0 {          background-color: #EEEEEE;          opacity: 0.60;          }          <\/style>        <div id=\"bwg_spider_popup_loading_0\" class=\"bwg_spider_popup_loading\"><\/div>        <div id=\"spider_popup_overlay_0\" class=\"spider_popup_overlay\" onclick=\"spider_destroypopup(1000)\"><\/div>        <input type=\"hidden\" id=\"bwg_random_seed_0\" value=\"506270416\">                <\/div>    <\/div>    <script>      if (document.readyState === 'complete') {        if( typeof bwg_main_ready == 'function' ) {          if ( jQuery(\"#bwg_container1_0\").height() ) {            bwg_main_ready(jQuery(\"#bwg_container1_0\"));          }        }      } else {        document.addEventListener('DOMContentLoaded', function() {          if( typeof bwg_main_ready == 'function' ) {            if ( jQuery(\"#bwg_container1_0\").height() ) {             bwg_main_ready(jQuery(\"#bwg_container1_0\"));            }          }        });      }    <\/script>    \n<p>[\/et_pb_text][\/et_pb_column][\/et_pb_row][\/et_pb_section]<\/p>\n","protected":false},"excerpt":{"rendered":"<p>[et_pb_section fb_built=\u00a0\u00bb1&Prime; _builder_version=\u00a0\u00bb4.3.1&Prime;][et_pb_row column_structure=\u00a0\u00bb1_3,2_3&Prime; _builder_version=\u00a0\u00bb4.3.1&Prime;][et_pb_column type=\u00a0\u00bb1_3&Prime; _builder_version=\u00a0\u00bb4.3.1&Prime;][et_pb_text _builder_version=\u00a0\u00bb4.3.1&Prime; custom_margin=\u00a0\u00bb||10px|||\u00a0\u00bb hover_enabled=\u00a0\u00bb0&Prime;] Dynamos &#8211; 2010 [\/et_pb_text][et_pb_divider color=\u00a0\u00bb#b55944&Prime; divider_weight=\u00a0\u00bb3px\u00a0\u00bb _builder_version=\u00a0\u00bb4.3.1&Prime; background_enable_color=\u00a0\u00bboff\u00a0\u00bb width=\u00a0\u00bb12%\u00a0\u00bb border_color_all=\u00a0\u00bbrgba(0,0,0,0)\u00a0\u00bb][\/et_pb_divider][et_pb_text _builder_version=\u00a0\u00bb4.3.1&Prime; hover_enabled=\u00a0\u00bb0&Prime;] Installation : Un moulage en pl\u00e2tre de mon corps en entier suspendu par un fil. Une bicyclette \u00e9quip\u00e9e de dynamos et multiples phares. Performance :\u00a0La conversion de l\u2019\u00e9nergie m\u00e9canique en \u00e9nergie \u00e9lectrique est [&hellip;]<\/p>\n","protected":false},"author":1,"featured_media":0,"parent":0,"menu_order":0,"comment_status":"closed","ping_status":"closed","template":"","meta":{"_et_pb_use_builder":"on","_et_pb_old_content":"","_et_gb_content_width":"","footnotes":""},"_links":{"self":[{"href":"https:\/\/florence-grivot.com\/index.php\/wp-json\/wp\/v2\/pages\/709"}],"collection":[{"href":"https:\/\/florence-grivot.com\/index.php\/wp-json\/wp\/v2\/pages"}],"about":[{"href":"https:\/\/florence-grivot.com\/index.php\/wp-json\/wp\/v2\/types\/page"}],"author":[{"embeddable":true,"href":"https:\/\/florence-grivot.com\/index.php\/wp-json\/wp\/v2\/users\/1"}],"replies":[{"embeddable":true,"href":"https:\/\/florence-grivot.com\/index.php\/wp-json\/wp\/v2\/comments?post=709"}],"version-history":[{"count":5,"href":"https:\/\/florence-grivot.com\/index.php\/wp-json\/wp\/v2\/pages\/709\/revisions"}],"predecessor-version":[{"id":1169,"href":"https:\/\/florence-grivot.com\/index.php\/wp-json\/wp\/v2\/pages\/709\/revisions\/1169"}],"wp:attachment":[{"href":"https:\/\/florence-grivot.com\/index.php\/wp-json\/wp\/v2\/media?parent=709"}],"curies":[{"name":"wp","href":"https:\/\/api.w.org\/{rel}","templated":true}]}}